{"id":1262,"date":"2019-10-22T19:42:20","date_gmt":"2019-10-22T17:42:20","guid":{"rendered":"https:\/\/test.schnookeloch-heidelberg.de\/?page_id=1262"},"modified":"2019-10-22T19:44:26","modified_gmt":"2019-10-22T17:44:26","slug":"datenschutz","status":"publish","type":"page","link":"https:\/\/staging.schnookeloch-heidelberg.de\/?page_id=1262","title":{"rendered":"Datenschutz"},"content":{"rendered":"\t\t<div data-elementor-type=\"wp-page\" data-elementor-id=\"1262\" class=\"elementor elementor-1262\" data-elementor-settings=\"[]\">\n\t\t\t<div class=\"elementor-inner\">\n\t\t\t\t<div class=\"elementor-section-wrap\">\n\t\t\t\t\t\t\t<section class=\"elementor-element elementor-element-8213091 elementor-section-boxed elementor-section-height-default elementor-section-height-default elementor-section elementor-top-section\" data-id=\"8213091\" data-element_type=\"section\">\n\t\t\t\t\t\t<div class=\"elementor-container elementor-column-gap-default\">\n\t\t\t\t<div class=\"elementor-row\">\n\t\t\t\t<div class=\"elementor-element elementor-element-835bd56 elementor-column elementor-col-100 elementor-top-column\" data-id=\"835bd56\" data-element_type=\"column\">\n\t\t\t<div class=\"elementor-column-wrap  elementor-element-populated\">\n\t\t\t\t\t<div class=\"elementor-widget-wrap\">\n\t\t\t\t<div class=\"elementor-element elementor-element-9ba2fd3 elementor-widget elementor-widget-text-editor\" data-id=\"9ba2fd3\" data-element_type=\"widget\" data-widget_type=\"text-editor.default\">\n\t\t\t\t<div class=\"elementor-widget-container\">\n\t\t\t\t\t<div class=\"elementor-text-editor elementor-clearfix\"><p>DATENSCHUTZERKL\u00c4RUNG<\/p><p>ERHEBUNG UND VERARBEITUNG PERS\u00d6NLICHER DATEN<\/p><p>In der Regel k\u00f6nnen Sie unsere Seiten besuchen, ohne dass wir pers\u00f6nliche Daten von Ihnen ben\u00f6tigen. Pers\u00f6nliche Daten werden nur dann erhoben, wenn Sie uns diese von sich aus zum Beispiel im Rahmen einer Registrierung, einer Anfrage oder zur Durchf\u00fchrung eines Vertrages angeben.<\/p><p>Beim Zugriff auf diese Webseite werden die folgenden Daten in einer Protokolldatei gespeichert:<\/p><p>\u2022 anonymisierte IP-Adresse (die Anonymisierung erfolgt durch Abschneiden von mindestens 3 Stellen der IP-Adresse)<\/p><p>\u2022 Datum und Uhrzeit des erfolgten Zugriffs<\/p><p>\u2022 aufgerufene Seite bzw. Name der abgerufenen Datei<\/p><p>\u2022 Meldung, ob der Zugriff auf die Seite bzw. der Abruf der Datei erfolgreich war<\/p><p>\u2022 \u00fcbertragene Datenmenge<\/p><p>\u2022 verwendeter Web-Browser und genutztes Betriebssystem<\/p><p>Die Protokolldatei wird nach 30 Tagen automatisch gel\u00f6scht.<\/p><p>\u00a0<\/p><p>NUTZUNG UND WEITERGABE PERS\u00d6NLICHER DATEN UND ZWECKBINDUNG<\/p><p>Alle im Rahmen unserer Internetdienste anfallenden personenbezogenen Daten werden entsprechend den jeweils geltenden Vorschriften zum Schutz personenbezogener Daten, nur zum Zweck der Vertragsabwicklung und zur Wahrung berechtigter eigener Gesch\u00e4ftsinteressen im Hinblick auf die Beratung und Betreuung unserer Kunden und Interessenten erhoben, verarbeitet und genutzt.<\/p><p>Soweit wir gesetzlich oder per Gerichtsbeschluss dazu verpflichtet sind, werden wir Ihre Daten an auskunftsberechtigte Stellen \u00fcbermitteln.<\/p><p>SICHERHEIT<\/p><p>Wir setzen technische und organisatorische Sicherungsma\u00dfnahmen ein, um Ihre zur Verf\u00fcgung gestellten Daten vor zuf\u00e4lligen oder vors\u00e4tzlichen Manipulationen, Verlust, Zerst\u00f6rung oder dem Zugriff unberechtigter Personen zu sch\u00fctzen. Dies gilt auch, wenn externe Dienstleistungen bezogen werden. Unsere Sicherheitsma\u00dfnahmen werden entsprechend der technologischen Entwicklung fortlaufend verbessert.<\/p><p>\u00a0<\/p><p>COOKIES<\/p><p>Wir vergeben auf unserem Internetauftritt Cookies. Ein Cookie ist eine kleine Datei, die auf Ihrem Computer gespeichert wird, sobald Sie eine Website besuchen. Wenn Sie die Website erneut besuchen, zeigt der Cookie an, dass es sich um einen wiederholten Besuch handelt. Der Cookie enth\u00e4lt eine einmalige Nummer und ggfs. ein Datum. Der Cookie enth\u00e4lt keine pers\u00f6nlichen Angaben. Der Cookie ist nicht geeignet, Sie auf den Websites Dritter zu identifizieren, einschlie\u00dflich der Websites der Analytik-Anbieter.<\/p><p>Sie k\u00f6nnen Ihren Browser so konfigurieren, dass die Annahme von Cookies prinzipiell verweigert wird oder Sie vorab informiert werden, wenn ein Cookie gespeichert wird. Weitere Informationen dazu finden Sie in der Bedienungsanleitung Ihres Internet-Browsers.<\/p><p>Wir verwenden IP-Adressen oder Cookies nicht, um Sie pers\u00f6nlich zu identifizieren.<\/p><p>Wir nutzen die Systeme mit dem Ziel, die Effizienz unserer Website und unseres Marketings zu steigern.<\/p><p>\u00a0<\/p><p>GOOGLE MAPS<\/p><p>Diese Website benutzt die Google Maps API, einen Kartendienst der Google Inc. (&#8220;Google&#8221;), zur Darstellung einer interaktiven Karte. Durch die Nutzung von Google Maps k\u00f6nnen Informationen \u00fcber Ihre Benutzung dieser Website (einschlie\u00dflich Ihrer IP-Adresse) an einen Server von Google in den USA \u00fcbertragen und dort gespeichert werden.<\/p><p>Google wird die durch Maps gewonnenen Informationen gegebenenfalls an Dritte \u00fcbertragen, sofern dies gesetzlich vorgeschrieben ist oder soweit Dritte diese Daten im Auftrag von Google verarbeiten.<\/p><p>Google wird in keinem Fall Ihre IP-Adresse mit anderen Daten von Google in Verbindung bringen. Trotzdem w\u00e4re es technisch m\u00f6glich, dass Google aufgrund der erhaltenen Daten eine Identifizierung zumindest einzelner Nutzenden vornehmen k\u00f6nnte. Es w\u00e4re m\u00f6glich, dass personenbezogene Daten und Pers\u00f6nlichkeitsprofile von Nutzern der Website von Google f\u00fcr andere Zwecke verarbeitet werden k\u00f6nnten, auf welche wir keinen Einfluss haben und haben k\u00f6nnen. Dies und die Tatsache, dass Daten in die USA \u00fcbermittelt werden, ist aus datenschutzrechtlichen Gr\u00fcnden problematisch.<\/p><p>Sie haben die M\u00f6glichkeit, den Service von Google Maps auf einfache Art und Weise zu deaktivieren und somit den Datentransfer an Google zu verhindern: Deaktivieren Sie dazu JavaScript in Ihrem Browser. Wir weisen Sie jedoch darauf hin, dass Sie in diesem Fall die Kartenanzeige nicht nutzen k\u00f6nnen.<\/p><p>Durch die Nutzung dieser Website und das Nichtdeaktivieren der JavaScript-Funktion erkl\u00e4ren Sie ausdr\u00fccklich in Kenntnis der datenschutzrechtlichen Problematik, dass Sie mit der Bearbeitung der \u00fcber Sie erhobenen Daten durch Google in der zuvor beschriebenen Art und Weise und zu dem zuvor benannten Zweck einverstanden sind.<\/p><p>\u00a0<\/p><p>WEBSITE-TRACKING GOOGLE ANALYTICS UND SEINE WERBEFUNKTIONEN<\/p><p>Unser Internetauftritt benutzt den Webanalysedienst Google Analytics, der Google Inc. (\u201eGoogle\u201c). Google Analytics verwendet sog. \u201eCookies\u201c, Textdateien, die auf Ihrem Computer gespeichert werden und die eine Analyse der Benutzung der Website durch Sie erm\u00f6glichen. Die durch das Cookie erzeugten Informationen \u00fcber Ihre Benutzung dieser Website werden in der Regel an einen Server von Google in den USA \u00fcbertragen und dort gespeichert. Im Falle der Aktivierung der IP-Anonymisierung auf dieser Website, wird Ihre IP-Adresse von Google jedoch zuvor gek\u00fcrzt. Nur in Ausnahmef\u00e4llen wird die volle IP-Adresse an einen Server von Google in den USA \u00fcbertragen und dort gek\u00fcrzt. In unserem Auftrag wird Google diese Informationen benutzen, um Ihre Nutzung dieses Internetauftrittes auszuwerten, um Reports zusammenzustellen und um weitere mit der Nutzung verbundene Dienstleistungen zu erbringen. Die im Rahmen von Google Analytics von Ihrem Browser \u00fcbermittelte IP-Adresse wird nicht mit anderen Daten von Google zusammengef\u00fchrt. Sie k\u00f6nnen die Speicherung der Cookies durch eine entsprechende Einstellung Ihrer Browser-Software verhindern; wir weisen Sie jedoch darauf hin, dass Sie in diesem Fall nicht s\u00e4mtliche Funktionen dieses Internetauftrittes nutzen k\u00f6nnen.<\/p><p>Wir weisen auch gesondert daraufhin, dass wir alle Werbefunktionen bei Google Analytics aktiviert haben. Damit werden zus\u00e4tzliche Zugriffsdaten erfasst, soweit von Ihnen zur Verf\u00fcgung gestellt. Mit der Werbefunktion erhalten wir Berichte zur Leistung nach demografischen Merkmalen, Interessen sowie Remarketing.<\/p><p>Es k\u00f6nnen personenbezogene Daten dann mit nicht personenbezogenen Daten zusammengef\u00fchrt werden, wenn diese mithilfe von Google-Werbeprodukten gesammelt werden.<\/p><p>Sie k\u00f6nnen dar\u00fcber hinaus die Erfassung der durch das Cookie erzeugten und auf Ihre Nutzung bezogenen Daten (inkl. Ihrer IP-Adresse) und die Verarbeitung durch Google verhindern, indem Sie das unter dem folgenden Link (http:\/\/tools.google.com\/dlpage\/gaoptout?hl=de) verf\u00fcgbare Browser-Plugin herunterladen und installieren.<\/p><p>Sie k\u00f6nnen die Erfassung durch Google Analytics verhindern, indem Sie auf folgenden Link klicken. Es wird ein Opt-Out-Cookie gesetzt, das die zuk\u00fcnftige Erfassung Ihrer Daten beim Besuch dieser Website verhindert:<\/p><p>Google Analytics deaktivieren<\/p><p>N\u00e4here Informationen zu Nutzungsbedingungen und Datenschutz finden Sie unter http:\/\/www.google.com\/analytics\/terms\/de.html bzw. unter https:\/\/www.google.de\/intl\/de\/policies\/.<\/p><p>Wir weisen Sie darauf hin, dass auf dieser Website Google Analytics um den Code \u201eanonymizeIp\u201c erweitert wurde, um eine anonymisierte Erfassung von IP-Adressen zu gew\u00e4hrleisten.<\/p><p>\u00a0<\/p><p>WERBUNG, E-MAIL-WERBUNG (NEWSLETTER)<\/p><p>Wenn Sie sich gesondert zum Newsletter f\u00fcr unsere Produktbereiche angemeldet haben, wird Ihre E-Mail-Adresse f\u00fcr eigene Werbezwecke f\u00fcr diese Produktbereiche genutzt, bis Sie sich vom Newsletter abmelden. Die Abmeldung ist jederzeit m\u00f6glich, ohne dass Ihnen hierf\u00fcr andere als die \u00dcbermittlungskosten nach den Basistarifen entstehen.<\/p><p>Selbstverst\u00e4ndlich k\u00f6nnen Sie jederzeit einer weiteren Verwendung Ihrer Daten zu Werbe- und Marketingzwecken \u2013 auch soweit diese rechtlich ohne Ihre Einwilligung zul\u00e4ssig ist (z.B. Postwerbung) \u2013 durch eine einfache Mitteilung\u00a0 widersprechen.<\/p><p>Eine Abmeldung von einem Newsletter ist zudem \u00fcber einen Abmeldelink im Newsletter selbst m\u00f6glich.<\/p><p>\u00a0<\/p><p>APPS<\/p><p>Services k\u00f6nnen \u00fcber Endger\u00e4te wie Smartphones oder iPads mit dem Betriebssystem iOS nutzbar sein. Zum Teil wird Content von anderen Quellen nachgeladen (vor allem aus Gr\u00fcnden der Aktualit\u00e4t der Daten wie z.B. Kartenmaterial von Kartenprovidern). Funktionen werden grunds\u00e4tzlich auf dem Endger\u00e4t ausgef\u00fchrt. Wenn wir Funktionen auf unseren Servern aufrufen (z.B. aus Gr\u00fcnden der Performance), so verwerfen wir dort diese Daten nach Ergebnis\u00fcbertragung. Dabei verarbeiten wir personenbezogene Daten nur, wenn es f\u00fcr den Zweck der App erforderlich ist oder Sie uns eine explizite Einwilligung erteilt haben. Eine Weitergabe von Daten an Dritte findet nicht statt. Eine statistische Auswertung anonymisierter Datens\u00e4tze behalten wir uns vor.<\/p><p>F\u00fcr Lokalisierungsdienste werden Geo-Daten benutzt (z.B. Ihr Standort). Diese Geo-Daten f\u00fchren wir nicht mit Ihren personenbezogenen Daten zusammen, sondern nutzen sie nur f\u00fcr den Zweck der Lokalisierung im Rahmen der von Ihnen aufgerufenen App bzw. Teilfunktion einer App. Nach der Lokalisierung verwerfen wir diese Geo-Daten. Sie k\u00f6nnen abh\u00e4ngig von Ihrem Endger\u00e4t die M\u00f6glichkeit der Ortung auch generell ausschalten (siehe dazu Informationen des Herstellers Ihres Endger\u00e4tes). Dann ist jedoch die Lokalisierungsfunktion der App nicht nutzbar.<\/p><p>Auf Ihrem Endger\u00e4t werden auch Daten abgelegt, die Speicherung von personenbezogenen Daten erfolgt immer in verschl\u00fcsselter Form, manche Daten werden auch in unverschl\u00fcsselter Form abgespeichert (z.B. Einstellungen von spezifischen On\/Off-Schaltern unserer Apps). Bei einem Verlust Ihres Endger\u00e4tes kann ein Missbrauch durch Dritte nicht ausgeschlossen werden. Wir empfehlen deshalb, die ger\u00e4tespezifischen Ma\u00dfnahmen gegen Missbrauch zu benutzen (Verschl\u00fcsselung, Benutzungssperre etc.). Bitte beachten Sie dazu die Informationen des Herstellers Ihres Endger\u00e4tes. Auch bei einer Weitergabe des Endger\u00e4tes, z.B. bei einem Verkauf, sollten Sie die M\u00f6glichkeiten nutzen, um personenbezogene Daten von Ihrem Endger\u00e4t zu entfernen.<\/p><p>EINBINDUNG VON PLUG-INS SOZIALER NETZWERKE<\/p><p>FACEBOOK<\/p><p>Unser Internetauftritt verwendet Social Plugins (\u201cPlugins\u201d) des sozialen Netzwerkes facebook.com, welches von der Facebook Inc., 1601 S. California Ave, Palo Alto, CA 94304, USA betrieben wird (\u201cFacebook\u201d). Die Plugins sind an einem der Facebook Logos erkennbar (wei\u00dfes \u201ef\u201c auf blauer Kachel oder ein \u201eDaumen hoch\u201c-Zeichen) oder sind mit dem Zusatz \u201cFacebook Social Plugin\u201d gekennzeichnet. Die Liste und das Aussehen der Facebook Social Plugins kann hier eingesehen werden: http:\/\/developers.facebook.com\/plugins.<\/p><p>Wenn Sie eine Webseite unseres Internetauftritts aufrufen, die ein solches Plugin enth\u00e4lt, baut Ihr Browser eine direkte Verbindung mit den Servern von Facebook auf. Der Inhalt des Plugins wird von Facebook direkt an Ihren Browser \u00fcbermittelt und von diesem in die Webseite eingebunden. Wir haben daher keinen Einfluss auf den Umfang der Daten, die Facebook mit Hilfe dieses Plugins erhebt und informieren Sie daher entsprechend unserem Kenntnisstand:<\/p><p>Durch die Einbindung der Plugins erh\u00e4lt Facebook die Information, dass Sie die entsprechende Seite unseres Internetauftritts aufgerufen haben. Sind Sie bei Facebook eingeloggt, kann Facebook den Besuch Ihrem Facebook-Konto zuordnen. Wenn Sie mit den Plugins interagieren, zum Beispiel den Like Button bet\u00e4tigen oder einen Kommentar abgeben, wird die entsprechende Information von Ihrem Browser direkt an Facebook \u00fcbermittelt und dort gespeichert. Falls Sie kein Mitglied von Facebook sind, besteht trotzdem die M\u00f6glichkeit, dass Facebook Ihre IP-Adresse in Erfahrung bringt und speichert.<\/p><p>Zweck und Umfang der Datenerhebung und die weitere Verarbeitung und Nutzung der Daten durch Facebook sowie Ihre diesbez\u00fcglichen Rechte und Einstellungsm\u00f6glichkeiten zum Schutz Ihrer Privatssph\u00e4re entnehmen Sie bitte den Datenschutzhinweisen von Facebook: http:\/\/www.facebook.com\/policy.php.<\/p><p>Wenn Sie Facebookmitglied sind und nicht m\u00f6chten, dass Facebook \u00fcber unseren Internetauftritt Daten \u00fcber Sie sammelt und mit Ihren bei Facebook gespeicherten Mitgliedsdaten verkn\u00fcpft, m\u00fcssen Sie sich vor Ihrem Besuch unseres Internetauftritts bei Facebook ausloggen.<\/p><p>Ebenfalls ist es m\u00f6glich Facebook-Social-Plugins mit Add-ons f\u00fcr Ihren Browser zu blocken, zum Beispiel mit dem \u201cFacebook Blocker\u201d.<\/p><p>\u00a0<\/p><p>TWITTER<\/p><p>Diese Seite verwendet ein Plugin des sozialen Netzwerkes Twitter, das von der Twitter Inc., 795 Folsom Street, Suite 600 San Francisco, CA 94107, USA (\u201cTwitter\u201d) betrieben wird. Das Plugin wird per Klick auf den \u201cTwittern\u201d-Button aktiviert.<\/p><p>Ist dieser Button aktiv, das hei\u00dft, der originale Twitter-Button ist anstelle der Platzhalter-Grafik sichtbar, baut Ihr Browser eine direkte Verbindung mit den Servern von Twitter auf. Der Inhalt des Plugins wird von Twitter direkt an Ihren Browser \u00fcbermittelt und von diesem in die Webseite eingebunden. Durch die Einbindung des Plugins erh\u00e4lt Twitter die Information, dass Sie die entsprechende Webseite unseres Internetauftritts aufgerufen haben. Sind Sie zu dem Zeitpunkt bei Twitter eingeloggt, kann Twitter den Besuch Ihrem Twitter-Konto zuordnen. Wenn Sie mit dem Plugin interagieren, indem Sie den \u201cTwittern\u201d-Button bet\u00e4tigen, wird die entsprechende Information von Ihrem Browser direkt an Twitter \u00fcbermittelt und dort gespeichert. Falls Sie kein Mitglied von Twitter sind oder sich vor dem Besuch unseres Internetauftritts bei Twitter ausloggt haben, besteht dennoch die M\u00f6glichkeit, dass Twitter Ihre IP-Adresse in Erfahrung bringt und speichert. N\u00e4here Informationen zur Erhebung und Nutzung der Daten durch Twitter, \u00fcber Ihre diesbez\u00fcglichen Rechte und M\u00f6glichkeiten zum Schutz Ihrer Privatsph\u00e4re finden Sie in den Datenschutzhinweisen von Twitter.<\/p><p>Wenn Sie nicht m\u00f6chten, dass Twitter \u00fcber unseren Internetauftritt Daten \u00fcber Sie sammelt und mit Ihren bei Twitter gespeicherten Daten verkn\u00fcpft, aktivieren Sie einfach nicht den entsprechenden Button.<\/p><p>\u00a0<\/p><p>GOOGLE+<\/p><p>Unser Internetauftritt verwendet Social Plugins des sozialen online Netzwerkes plus.google.com (Google+), welches von der Google Inc., 1600 Amphitheatre Parkway, Mountain View, California 94043, USA betrieben wird. Wenn Sie eine Webseite unseres Internetauftritts aufrufen, die ein solches Plugin enth\u00e4lt, baut Ihr Browser eine direkte Verbindung mit den Servern von Google auf. Der Inhalt des Plugins wird von Google direkt an Ihren Browser \u00fcbermittelt und von diesem in die Webseite eingebunden.<\/p><p>Durch die Einbindung der Plugins erh\u00e4lt Google+ die Information, dass Sie die entsprechende Seite unseres Internetauftritts aufgerufen haben. Sind Sie bei Google+ eingeloggt kann Google+ den Besuch Ihrem Google+ Konto zuordnen. Zweck und Umfang der Datenerhebung und die weitere Verarbeitung und Nutzung der Daten durch Google+ sowie Ihre diesbez\u00fcglichen Rechte und Einstellungsm\u00f6glichkeiten zum Schutz Ihrer Privatssph\u00e4re entnehmen Sie bitte den Datenschutzhinweisen von Google+.<\/p><p>\u00a0<\/p><p>YOUTUBE<\/p><p>Unser Internetauftritt integriert Videos des Anbieters YouTube. YouTube wird betrieben von YouTube LLC mit Hauptgesch\u00e4ftssitz in 901 Cherry Avenue, San Bruno, CA 94066, USA. YouTube wird vertreten durch Google Inc. mit Sitz in 1600 Amphitheatre Parkway, Mountain View, CA 94043, USA.<\/p><p>Auf einigen unserer Webseiten verwenden wir Plug-Ins des Anbieters YouTube. Wenn Sie unsere Webseiten, die mit einem solchen Plug-In versehenen sind, aufrufen, wird eine Verbindung zu den YouTube-Servern hergestellt und dabei das Plug-In dargestellt. Unsere von Ihnen besuchten Webseiten werden an den YouTube-Server \u00fcbermittelt. Als eingeloggtes YouTube-Mitglied ordnet YouTube diese Information, wie auch Aktivit\u00e4ten (Bsp.: Anklicken des Start-Buttons) Ihrem pers\u00f6nlichen Benutzerkonto zu. Sie k\u00f6nnen diese Zuordnung verhindern, indem Sie sich vor der Nutzung unserer Webseiten von Ihrem YouTube-Benutzerkonto sowie anderen Benutzerkonten der Firmen YouTube LLC und Google Inc. abmelden und die entsprechenden Cookies l\u00f6schen.<\/p><p>Weitere Informationen zum Datenschutz durch YouTube finden Sie unter https:\/\/www.google.de\/intl\/de\/policies\/privacy\/.<\/p><p>\u00a0<\/p><p>VIMEO-PLUG-IN<\/p><p>Unser Internetauftritt integriert Videos des Anbieters VIMEO. VIMEO wird betrieben von VIMEO, LLC mit Hauptsitz in 555 West 18th Street, New York, New York 10011.<\/p><p>Auf einigen unserer Webseiten verwenden wir Plug-Ins des Anbieters VIMEO. Wenn Sie unsere Webseiten, die mit einem solchen Plug-In versehenen sind, aufrufen, wird eine Verbindung zu den VIMEO-Servern hergestellt und dabei das Plug-In dargestellt. Unsere von Ihnen besuchten Webseiten werden an den VIMEO-Server \u00fcbermittelt. Als eingeloggtes VIMEO-Mitglied ordnet VIMEO diese Information, wie auch Aktivit\u00e4ten (Bsp.: Anklicken des Start-Buttons) Ihrem pers\u00f6nlichen Benutzerkonto zu. Sie k\u00f6nnen diese Zuordnung verhindern, indem Sie sich vor der Nutzung unserer Webseiten von Ihrem VIMEO-Benutzerkonto abmelden und die entsprechenden Cookies l\u00f6schen.<\/p><p>Weitere Informationen zum Datenschutz durch VIMEO finden Sie unter https:\/\/vimeo.com\/privacy.<\/p><p>\u00a0<\/p><p>XING<\/p><p>Unser Internetauftritt setzt den \u201cXING Share-Button\u201d ein. Beim Aufruf dieser Internetseite wird \u00fcber den Browser des Nutzers kurzfristig eine Verbindung zu Servern der XING AG (\u201cXING\u201d) aufgebaut, mit denen die \u201cXING Share-Button\u201d-Funktionen (insbesondere die Berechnung\/Anzeige des Z\u00e4hlerwerts) erbracht werden. XING speichert keine personenbezogenen Daten des Nutzers \u00fcber den Aufruf dieses Angebotes. XING speichert insbesondere keine IP-Adressen. Es findet auch keine Auswertung des Nutzungsverhaltens \u00fcber die Verwendung von Cookies im Zusammenhang mit dem \u201cXING Share-Button\u201d statt. Die jeweils aktuellen Datenschutzinformationen zum \u201cXING Share-Button\u201d und erg\u00e4nzende Informationen k\u00f6nnen die Nutzer auf dieser Internetseite abrufen: https:\/\/www.xing.com\/app\/share?op=data_protection.<\/p><p>\u00a0<\/p><p>LINKEDIN<\/p><p>Unser Internetauftritt setzt Komponenten des Netzwerks LinkedIn ein. LinkedIn ist ein Service der LinkedIn Corporation, 2029 Stierlin Court, Mountain View, CA 94043, USA. Bei jedem einzelnen Abruf unserer Webseite, die mit einer solchen Komponente ausgestattet ist, veranlasst diese Komponente, dass der von Ihnen verwendete Browser eine entsprechende Darstellung der Komponente von LinkedIn herunterl\u00e4dt. Durch diesen Vorgang erh\u00e4lt LinkedIn die Information, welche Seite unseres Internetauftritts gerade besucht wird. Wenn Sie den LinkedIn \u201eRecommend\u201c-Button anklicken, w\u00e4hrend Sie in Ihrem LinkedIn-Account eingeloggt sind, k\u00f6nnen Sie die Inhalte unserer Seiten auf Ihrem LinkedIn-Profil verlinken. Dadurch ist LinkedIn in der Lage, den Besuch unserer Seiten Ihrem LinkedIn-Benutzerkonto zuordnen. Wir haben keinen Einfluss auf die Erhebung, den Umfang und den Inhalt der \u00fcbermittelten Daten durch LinkedIn. Details zur Datenerhebung durch LinkedIn sowie zu Ihren Rechten und Einstellungsm\u00f6glichkeiten k\u00f6nnen Sie den Datenschutzhinweisen von LinkedIn entnehmen. Diese Hinweise finden Sie unter http:\/\/www.linkedin.com\/legal\/privacy-policy.<\/p><p>\u00a0<\/p><p>GEWINNSPIELTEILNAHME<\/p><p>Mit der Teilnahme an einem unserer Gewinnspiele willigen die Teilnehmer ein, dass die im Rahmen des Gewinnspiels angegebenen personenbezogenen Daten von der Kaffeehaus Schwetzingen nur f\u00fcr die Dauer des Gewinnspiels erhoben, gespeichert und zum Zwecke der Gewinnabwicklung (Ermittlung Gewinner, Kontaktaufnahme und Versand der Gewinne) verarbeitet werden. Die Daten werden anschlie\u00dfend gel\u00f6scht. Die Einwilligung kann jederzeit mit Wirkung f\u00fcr die Zukunft gegen\u00fcber uns widerrufen werden.<\/p><p>\u00a0<\/p><p>LINKS ZU WEBSEITEN ANDERER ANBIETER<\/p><p>Unser Internetauftritt kann Links zu Webseiten anderer Anbieter enthalten. Wir weisen darauf hin, dass diese Datenschutzerkl\u00e4rung ausschlie\u00dflich f\u00fcr diesen Internetauftritt gilt. Wir haben keinen Einfluss darauf und kontrollieren nicht, dass andere Anbieter die geltenden Datenschutzbestimmungen einhalten.<\/p><p>\u00a0<\/p><p>MINDERJ\u00c4HRIGENSCHUTZ<\/p><p>Kinder und Personen unter 18 Jahren sollten ohne Zustimmung der Eltern oder Erziehungsberechtigten keine personenbezogenen Daten an uns \u00fcbermitteln. Wir fordern keine personenbezogenen Daten von Kindern an, sammeln diese nicht und geben sie nicht an Dritte weiter.<\/p><p>\u00a0<\/p><p>AUSKUNFTSRECHT UND KONTAKTDATEN<\/p><p>Ihnen steht ein Auskunftsrecht bez\u00fcglich der \u00fcber Sie gespeicherten personenbezogenen Daten und ferner ein Recht auf Berichtigung unrichtiger Daten, Sperrung und L\u00f6schung zu.<\/p><p>Wenn Sie Fragen hinsichtlich der Verarbeitung Ihrer pers\u00f6nlicher beziehungsweise deren Korrektur oder L\u00f6schung w\u00fcnschen oder weitergehende Fragen \u00fcber die Verwendung Ihrer uns \u00fcberlassenen personenbezogenen Daten haben, k\u00f6nnen Sie sich direkt an das Sc hnookeloch wenden, das auch im Falle von Auskunftsersuchen, Antr\u00e4gen oder Beschwerden zur Verf\u00fcgung steht:<\/p><p>Sie erreichen uns \u00fcber die Kontaktdaten in unserem Impressum.<\/p><p>\u00a0<\/p><p>EINBEZIEHUNG, G\u00dcLTIGKEIT UND AKTUALIT\u00c4T DER DATENSCHUTZERKL\u00c4RUNG<\/p><p>Mit der Nutzung unserer Webseite willigen Sie in die vorab beschriebene Datenverwendung ein. Die Datenschutzerkl\u00e4rung ist aktuell g\u00fcltig und datiert vom 01.05.2018.<\/p><p>Durch die Weiterentwicklung unserer Webseite oder die Implementierung neuer Technologien kann es notwendig werden, diese Datenschutzerkl\u00e4rung zu \u00e4ndern. Wir behalten uns vor, die Datenschutzerkl\u00e4rung jederzeit mit Wirkung f\u00fcr die Zukunft zu \u00e4ndern. Wir empfehlen Ihnen, sich die aktuelle Datenschutzerkl\u00e4rung von Zeit zu Zeit erneut durchzulesen.<\/p><div>\u00a0<\/div><\/div>\n\t\t\t\t<\/div>\n\t\t\t\t<\/div>\n\t\t\t\t\t\t<\/div>\n\t\t\t<\/div>\n\t\t<\/div>\n\t\t\t\t\t\t<\/div>\n\t\t\t<\/div>\n\t\t<\/section>\n\t\t\t\t\t\t<\/div>\n\t\t\t<\/div>\n\t\t<\/div>\n\t\t","protected":false},"excerpt":{"rendered":"<p>DATENSCHUTZERKL\u00c4RUNG ERHEBUNG UND VERARBEITUNG PERS\u00d6NLICHER DATEN In der Regel k\u00f6nnen Sie unsere Seiten besuchen, ohne dass wir pers\u00f6nliche Daten von Ihnen ben\u00f6tigen. Pers\u00f6nliche Daten werden nur dann erhoben, wenn Sie uns diese von sich aus zum Beispiel im Rahmen einer Registrierung, einer Anfrage oder zur Durchf\u00fchrung eines Vertrages angeben. Beim Zugriff auf diese Webseite werden die folgenden Daten in einer&#8230;<\/p>\n","protected":false},"author":1,"featured_media":0,"parent":0,"menu_order":0,"comment_status":"closed","ping_status":"closed","template":"my-templates\/template-fullwidth.php","meta":[],"_links":{"self":[{"href":"https:\/\/staging.schnookeloch-heidelberg.de\/index.php?rest_route=\/wp\/v2\/pages\/1262"}],"collection":[{"href":"https:\/\/staging.schnookeloch-heidelberg.de\/index.php?rest_route=\/wp\/v2\/pages"}],"about":[{"href":"https:\/\/staging.schnookeloch-heidelberg.de\/index.php?rest_route=\/wp\/v2\/types\/page"}],"author":[{"embeddable":true,"href":"https:\/\/staging.schnookeloch-heidelberg.de\/index.php?rest_route=\/wp\/v2\/users\/1"}],"replies":[{"embeddable":true,"href":"https:\/\/staging.schnookeloch-heidelberg.de\/index.php?rest_route=%2Fwp%2Fv2%2Fcomments&post=1262"}],"version-history":[{"count":3,"href":"https:\/\/staging.schnookeloch-heidelberg.de\/index.php?rest_route=\/wp\/v2\/pages\/1262\/revisions"}],"predecessor-version":[{"id":1488,"href":"https:\/\/staging.schnookeloch-heidelberg.de\/index.php?rest_route=\/wp\/v2\/pages\/1262\/revisions\/1488"}],"wp:attachment":[{"href":"https:\/\/staging.schnookeloch-heidelberg.de\/index.php?rest_route=%2Fwp%2Fv2%2Fmedia&parent=1262"}],"curies":[{"name":"wp","href":"https:\/\/api.w.org\/{rel}","templated":true}]}}