{"id":670,"date":"2018-05-21T11:20:23","date_gmt":"2018-05-21T11:20:23","guid":{"rendered":"https:\/\/matchthemes.com\/demowp\/caverta\/?page_id=670"},"modified":"2019-11-01T16:12:57","modified_gmt":"2019-11-01T14:12:57","slug":"home-2","status":"publish","type":"page","link":"https:\/\/staging.schnookeloch-heidelberg.de\/","title":{"rendered":"Schnookeloch Heidelberg"},"content":{"rendered":"\t\t<div data-elementor-type=\"wp-post\" data-elementor-id=\"670\" class=\"elementor elementor-670\" data-elementor-settings=\"[]\">\n\t\t\t<div class=\"elementor-inner\">\n\t\t\t\t<div class=\"elementor-section-wrap\">\n\t\t\t\t\t\t\t<section class=\"elementor-element elementor-element-3aef132e elementor-section-content-middle elementor-section-boxed elementor-section-height-default elementor-section-height-default elementor-section elementor-top-section\" data-id=\"3aef132e\" data-element_type=\"section\">\n\t\t\t\t\t\t<div class=\"elementor-container elementor-column-gap-default\">\n\t\t\t\t<div class=\"elementor-row\">\n\t\t\t\t<div class=\"elementor-element elementor-element-2d9bbc8c elementor-column elementor-col-50 elementor-top-column\" data-id=\"2d9bbc8c\" data-element_type=\"column\">\n\t\t\t<div class=\"elementor-column-wrap  elementor-element-populated\">\n\t\t\t\t\t<div class=\"elementor-widget-wrap\">\n\t\t\t\t<div class=\"elementor-element elementor-element-2b826676 elementor-widget elementor-widget-text-editor\" data-id=\"2b826676\" data-element_type=\"widget\" data-widget_type=\"text-editor.default\">\n\t\t\t\t<div class=\"elementor-widget-container\">\n\t\t\t\t\t<div class=\"elementor-text-editor elementor-clearfix\"><div style=\"text-align: right;\">Wilkommen<\/div><h2 style=\"text-align: right;\">&#8220;Mindest \u00e4mol in der Woch`, geh\u00f6rt der Mensch ins Schnookeloch !&#8221;<\/h2><p style=\"text-align: right;\">Das historische Lokal ist bekannt f\u00fcr seine stimmungsvollen Abende, begleitet von Klaviermusik, zu der je nach Lust und Laune auch mitgesungen werden kann &#8211; nimm teil am traditionellen studentischen Leben, dessen Brauchtum hieraktiv gepflegt wird.Im hinteren Bereich befindet sich das Eichendorff-St\u00fcbchen,in dem Freiherr von Eichendorff damals seine Abende bei einem Gl\u00e4schen Wein verbrachte. Nutze unsere zwei Nebenzimmer f\u00fcr Deine Gesellschaft und Feierlichkeiten.<\/p><p style=\"text-align: right;\">Um die Geschichte des &#8220;Schnookelochs&#8221; &#8211; f\u00fcr die, die es nicht wissen: das Wort &#8220;Schnooke&#8221; kommt aus dem kurpf\u00e4lzischen Dialekt und bedeutet so viel wie &#8220;Witze&#8221; &#8211; ranken sich interessante historische Begebenheiten. Von ihnen zeugt im Lokal selbst eine Vielzahl von Bildern und Dokumenten. F\u00fcnfzehn Verbindungen haben auch heute noch hier ihren Stammtisch, umgeben von F\u00e4hnchen und Wappen tr\u00e4gt er so manches Signum.<\/p><p style=\"text-align: right;\">Unsere K\u00fcche ist bekannt f\u00fcr regionale, abwechslungsreiche Spezialit\u00e4ten mit frischen Zutaten mit einem t\u00e4glichwechselnden Tagesmen\u00fc zum g\u00fcnstigen Preis.<\/p><p style=\"text-align: right;\">Die gro\u00dfe Getr\u00e4nkekarte bietet Dir eine Auswahl f\u00fcr u.a. beste Weine aus der Region.<\/p><p style=\"text-align: right;\">Komm\u00b4 vorbei und erfreue Dich im \u00e4ltesten Studenten-Restaurant in Heidelberg.<\/p><p style=\"text-align: right;\">Wir freuen uns auf Deinen BesuchDein Schnookeloch-Team.<\/p><p style=\"text-align: right;\"><a href=\"https:\/\/staging.schnookeloch-heidelberg.de\/reservation\/\">Tisch reservieren<\/a><\/p><\/div>\n\t\t\t\t<\/div>\n\t\t\t\t<\/div>\n\t\t\t\t\t\t<\/div>\n\t\t\t<\/div>\n\t\t<\/div>\n\t\t\t\t<div class=\"elementor-element elementor-element-7828518b elementor-column elementor-col-50 elementor-top-column\" data-id=\"7828518b\" data-element_type=\"column\">\n\t\t\t<div class=\"elementor-column-wrap  elementor-element-populated\">\n\t\t\t\t\t<div class=\"elementor-widget-wrap\">\n\t\t\t\t<div class=\"elementor-element elementor-element-7d0f84e3 elementor-widget elementor-widget-image\" data-id=\"7d0f84e3\" data-element_type=\"widget\" data-widget_type=\"image.default\">\n\t\t\t\t<div class=\"elementor-widget-container\">\n\t\t\t\t\t<div class=\"elementor-image\">\n\t\t\t\t\t\t\t\t\t\t<img width=\"960\" height=\"451\" src=\"https:\/\/staging.schnookeloch-heidelberg.de\/wp-content\/uploads\/2019\/10\/Logo.jpg\" class=\"attachment-full size-full\" alt=\"\" decoding=\"async\" loading=\"lazy\" srcset=\"https:\/\/staging.schnookeloch-heidelberg.de\/wp-content\/uploads\/2019\/10\/Logo.jpg 960w, https:\/\/staging.schnookeloch-heidelberg.de\/wp-content\/uploads\/2019\/10\/Logo-300x141.jpg 300w, https:\/\/staging.schnookeloch-heidelberg.de\/wp-content\/uploads\/2019\/10\/Logo-768x361.jpg 768w\" sizes=\"(max-width: 960px) 100vw, 960px\" \/>\t\t\t\t\t\t\t\t\t\t\t<\/div>\n\t\t\t\t<\/div>\n\t\t\t\t<\/div>\n\t\t\t\t\t\t<\/div>\n\t\t\t<\/div>\n\t\t<\/div>\n\t\t\t\t\t\t<\/div>\n\t\t\t<\/div>\n\t\t<\/section>\n\t\t\t\t<section class=\"elementor-element elementor-element-00ecef1 elementor-section-boxed elementor-section-height-default elementor-section-height-default elementor-section elementor-top-section\" data-id=\"00ecef1\" data-element_type=\"section\">\n\t\t\t\t\t\t<div class=\"elementor-container elementor-column-gap-default\">\n\t\t\t\t<div class=\"elementor-row\">\n\t\t\t\t<div class=\"elementor-element elementor-element-3c17ba5 elementor-column elementor-col-100 elementor-top-column\" data-id=\"3c17ba5\" data-element_type=\"column\">\n\t\t\t<div class=\"elementor-column-wrap  elementor-element-populated\">\n\t\t\t\t\t<div class=\"elementor-widget-wrap\">\n\t\t\t\t<div class=\"elementor-element elementor-element-9030875 elementor-widget elementor-widget-text-editor\" data-id=\"9030875\" data-element_type=\"widget\" data-widget_type=\"text-editor.default\">\n\t\t\t\t<div class=\"elementor-widget-container\">\n\t\t\t\t\t<div class=\"elementor-text-editor elementor-clearfix\"><p><b>Eichendorff-St\u00fcbchen<br \/><\/b>Joseph Karl Benedikt Freiherr von Eichendorff (* 10. M\u00e4rz 1788 auf Schloss Lubowitz bei Ratibor, Oberschlesien; \u2020 26. November 1857 in Neisse, Oberschlesien; Lyriker, Schriftsteller der deutschen Romatik)\u00a0 fand hier dichterische Inspiration w\u00e4hrend seiner Heidelberger Studentenzeit und auch Alt-Bundespr\u00e4sident Theodor Heuss liebte es, in einer Ecke gem\u00fctlich ein &#8220;Viertele&#8221; zu genie\u00dfen, im Schnookeloch in der Haspelgasse im Herzen der Altstadt.<\/p><p>Das nur wenige Tische fassende &#8220;Eichendorff-St\u00fcbchen&#8221; ist bebildert mit Gem\u00e4lden, Zeichnungen und Schriftst\u00fccken, alle h\u00e4ngen an der Wand. Hier treffen sich heute noch unsere Stammg\u00e4ste zu geselligen Runden oder auch zahlreiche Interessierte schauen sich das St\u00fcbchen in Ruhe einmal an, kommen auch Sie gerne vorbei.<\/p><p>Ein kleines Nebenzimmer l\u00e4dt ein zum gem\u00fctlichen Sitzen auf den Eckb\u00e4nken und l\u00e4sst den Blick schweifen an die W\u00e4nde, an denen unz\u00e4hlige Bilder, Fotos, M\u00fctzen und Wappen der Studenten-Verbindungen zu sehen sind. Lassen auch Sie sich in den faszinierenden Bann der Geschichte und historischen Begebenheiten ziehen und Verweilen in dem h\u00fcbschen Nebenzimmer.<\/p><p>Auch Gesellschaften (Geburtstage, Hochzeiten, etc.) finden hier Platz f\u00fcr 60-70 Personen.<\/p><p>Mit den ersten warmen Sonnentagen des Jahres dr\u00e4ngt es uns schon ins Freie. Nach dem Wandern, Radfahren oder einem beschaulichem Spaziergang, suchen wir gerne Gastlichkeit in nat\u00fcrlicher Atmosph\u00e4re. Sch\u00f6n ist es dann, in einem gem\u00fctlichen Biergarten zu verweilen und die Seele baumeln zu lassen. Unser uriger Biergarten wartet mit allen Gen\u00fcssen auf, die in der warmen Jahreszeit gesch\u00e4tzt werden. Lassen Sie sich unsere Schmankerl und Tagesessen schmecken, k\u00fchlen Sie Ihren Gaumen mit einem frisch Gezapften oder w\u00e4hlen Sie von unserer vielf\u00e4ltigen Getr\u00e4nkekarte.<\/p><p>Auf Ihr Wohl!<\/p><\/div>\n\t\t\t\t<\/div>\n\t\t\t\t<\/div>\n\t\t\t\t\t\t<\/div>\n\t\t\t<\/div>\n\t\t<\/div>\n\t\t\t\t\t\t<\/div>\n\t\t\t<\/div>\n\t\t<\/section>\n\t\t\t\t\t\t<\/div>\n\t\t\t<\/div>\n\t\t<\/div>\n\t\t","protected":false},"excerpt":{"rendered":"<p>Wilkommen &#8220;Mindest \u00e4mol in der Woch`, geh\u00f6rt der Mensch ins Schnookeloch !&#8221; Das historische Lokal ist bekannt f\u00fcr seine stimmungsvollen Abende, begleitet von Klaviermusik, zu der je nach Lust und Laune auch mitgesungen werden kann &#8211; nimm teil am traditionellen studentischen Leben, dessen Brauchtum hieraktiv gepflegt wird.Im hinteren Bereich befindet sich das Eichendorff-St\u00fcbchen,in dem Freiherr von Eichendorff damals seine Abende&#8230;<\/p>\n","protected":false},"author":1,"featured_media":1267,"parent":0,"menu_order":0,"comment_status":"closed","ping_status":"closed","template":"my-templates\/template-home.php","meta":[],"_links":{"self":[{"href":"https:\/\/staging.schnookeloch-heidelberg.de\/index.php?rest_route=\/wp\/v2\/pages\/670"}],"collection":[{"href":"https:\/\/staging.schnookeloch-heidelberg.de\/index.php?rest_route=\/wp\/v2\/pages"}],"about":[{"href":"https:\/\/staging.schnookeloch-heidelberg.de\/index.php?rest_route=\/wp\/v2\/types\/page"}],"author":[{"embeddable":true,"href":"https:\/\/staging.schnookeloch-heidelberg.de\/index.php?rest_route=\/wp\/v2\/users\/1"}],"replies":[{"embeddable":true,"href":"https:\/\/staging.schnookeloch-heidelberg.de\/index.php?rest_route=%2Fwp%2Fv2%2Fcomments&post=670"}],"version-history":[{"count":20,"href":"https:\/\/staging.schnookeloch-heidelberg.de\/index.php?rest_route=\/wp\/v2\/pages\/670\/revisions"}],"predecessor-version":[{"id":1438,"href":"https:\/\/staging.schnookeloch-heidelberg.de\/index.php?rest_route=\/wp\/v2\/pages\/670\/revisions\/1438"}],"wp:featuredmedia":[{"embeddable":true,"href":"https:\/\/staging.schnookeloch-heidelberg.de\/index.php?rest_route=\/wp\/v2\/media\/1267"}],"wp:attachment":[{"href":"https:\/\/staging.schnookeloch-heidelberg.de\/index.php?rest_route=%2Fwp%2Fv2%2Fmedia&parent=670"}],"curies":[{"name":"wp","href":"https:\/\/api.w.org\/{rel}","templated":true}]}}